{"id":514,"date":"2019-03-20T10:20:47","date_gmt":"2019-03-20T10:20:47","guid":{"rendered":"http:\/\/www.spca-advogados.com\/?page_id=514"},"modified":"2021-12-24T10:26:31","modified_gmt":"2021-12-24T10:26:31","slug":"paulo-samagaio","status":"publish","type":"page","link":"https:\/\/spca-advogados.com\/en\/team\/partners\/paulo-samagaio\/","title":{"rendered":"Paulo Samagaio"},"content":{"rendered":"\n<div class=\"lawyers-header\">\n<div class=\"row\">\n<div class=\"col-md-3\"><img decoding=\"async\" src=\"\/wp-content\/uploads\/2018\/01\/paulo-samagaio-1.jpg\" alt=\"Paulo Samagaio\"><\/div>\n<div class=\"col-md-9 d-flex flex-column justify-content-end\">\n<h3>Paulo Samagaio<\/h3>\n<p>E-mail: <a href=\"mailto:paulosamagaio@spca-advogados.com\">paulosamagaio@spca-advogados.com<\/a>\n<\/p><\/div>\n<\/div>\n<\/div>\n<div class=\"lawyers-data\">\n<h4>Education<\/h4>\n<ul>\n<li>Law Degree from Portucalense University, Faculty of Law, 1990;<\/li>\n<li>Admitted to the Portuguese Bar Association.<\/li>\n<\/ul>\n<h4>Professional Experience<\/h4>\n<ul>\n<li>Arbitrator of the Commercial Arbitration Institute (&#8220;Instituto de Arbitragem Comercial&#8221;);<\/li>\n<li>Vice-President of Associa\u00e7\u00e3o Comercial do Porto, 2015-2017;<\/li>\n<li>Manager of Instituto da Arbitragem Comercial, 2010-2015;<\/li>\n<li>Director of Associa\u00e7\u00e3o Comercial do Porto, 2004-2015;<\/li>\n<li>Founding Partner at SPCA \u2013 Sociedade de Advogados SP, RL, 2005;<\/li>\n<li>Member of the Reform Commission of the Arbitration Rules of the Instituto de Arbitragem Comercial;<\/li>\n<li>President and Board Member of the General Assembly of various companies and institutions;<\/li>\n<li>Speaker at several seminars, conferences and debates.<\/li>\n<\/ul>\n<h4>Languages<\/h4>\n<ul>\n<li>Portuguese, english, french, italian and spanish.<\/li>\n<\/ul>\n<\/div>\n<!-- WP Attachments -->\r\n        <div style=\"width:100%;margin:10px 0 10px 0;\">\r\n            <h3>Anexo(s)<\/h3>\r\n        <ul class=\"post-attachments\"><li class=\"post-attachment mime-image-jpeg\"><a target=\"_blank\" rel=\"noopener noreferrer\" href=\"https:\/\/spca-advogados.com\/wp-content\/uploads\/2021\/02\/sofia-rijo.jpg\">sofia-rijo<\/a> <small>(37 kB)<\/small><\/li><\/ul><\/div>","protected":false},"excerpt":{"rendered":"Paulo Samagaio E-mail: paulosamagaio@spca-advogados.com Education Law Degree from Portucalense University, Faculty of Law, 1990; Admitted to the Portuguese Bar Association. Professional Experience Arbitrator of the Commercial Arbitration Institute (&#8220;Instituto de Arbitragem Comercial&#8221;); Vice-President of Associa\u00e7\u00e3o Comercial do Porto, 2015-2017; Manager of Instituto da Arbitragem Comercial, 2010-2015; Director of Associa\u00e7\u00e3o Comercial do Porto, 2004-2015; Founding Partner&#8230; <a class=\"view-article\" href=\"https:\/\/spca-advogados.com\/en\/team\/partners\/paulo-samagaio\/\">View Article<\/a>","protected":false},"author":1,"featured_media":0,"parent":94,"menu_order":0,"comment_status":"closed","ping_status":"closed","template":"page-single-lawyers.php","meta":{"footnotes":""},"_links":{"self":[{"href":"https:\/\/spca-advogados.com\/en\/wp-json\/wp\/v2\/pages\/514"}],"collection":[{"href":"https:\/\/spca-advogados.com\/en\/wp-json\/wp\/v2\/pages"}],"about":[{"href":"https:\/\/spca-advogados.com\/en\/wp-json\/wp\/v2\/types\/page"}],"author":[{"embeddable":true,"href":"https:\/\/spca-advogados.com\/en\/wp-json\/wp\/v2\/users\/1"}],"replies":[{"embeddable":true,"href":"https:\/\/spca-advogados.com\/en\/wp-json\/wp\/v2\/comments?post=514"}],"version-history":[{"count":4,"href":"https:\/\/spca-advogados.com\/en\/wp-json\/wp\/v2\/pages\/514\/revisions"}],"predecessor-version":[{"id":840,"href":"https:\/\/spca-advogados.com\/en\/wp-json\/wp\/v2\/pages\/514\/revisions\/840"}],"up":[{"embeddable":true,"href":"https:\/\/spca-advogados.com\/en\/wp-json\/wp\/v2\/pages\/94"}],"wp:attachment":[{"href":"https:\/\/spca-advogados.com\/en\/wp-json\/wp\/v2\/media?parent=514"}],"curies":[{"name":"wp","href":"https:\/\/api.w.org\/{rel}","templated":true}]}}