{"id":530,"date":"2019-03-20T10:28:50","date_gmt":"2019-03-20T10:28:50","guid":{"rendered":"http:\/\/www.spca-advogados.com\/team\/members\/joao-cruz\/"},"modified":"2019-03-20T10:29:18","modified_gmt":"2019-03-20T10:29:18","slug":"joao-cruz","status":"publish","type":"page","link":"https:\/\/spca-advogados.com\/en\/team\/partners\/joao-cruz\/","title":{"rendered":"Jo\u00e3o Cruz"},"content":{"rendered":"<div class=\"lawyers-header\">\n<div class=\"row\">\n<div class=\"col-md-3\"><img decoding=\"async\" src=\"\/wp-content\/uploads\/2018\/01\/joao-cruz-1.jpg\" alt=\"Jo\u00e3o Cruz\"><\/div>\n<div class=\"col-md-9 d-flex flex-column justify-content-end\">\n<h3>Jo\u00e3o Cruz<\/h3>\n<p>E-mail: <a href=\"mailto:joaocruz@spca-advogados.com\">joaocruz@spca-advogados.com<\/a>\n<\/p>\n<\/div>\n<\/div>\n<\/div>\n<div class=\"lawyers-data\">\n<h4>Education<\/h4>\n<ul>\n<li>Training Course for Trainers in the area of Labor Law, health and safety at work, promoted by the IEFP of Porto, 1991;<\/li>\n<li>Law Degree from Portucalense University, Faculty of Law, 1990;<\/li>\n<li>Admitted to the Portuguese Bar Association.<\/li>\n<\/ul>\n<h4>Professional Experience<\/h4>\n<ul>\n<li>Founding Partner at SPCA \u2013 Sociedade de Advogados SP, RL, 2005;<\/li>\n<li>Pratice by own account, 1992-2005.<\/li>\n<\/ul>\n<h4>Languages<\/h4>\n<ul>\n<li>Portugu\u00eas, Ingl\u00eas e Franc\u00eas.<\/li>\n<\/ul>\n<\/div>\n","protected":false},"excerpt":{"rendered":"Jo\u00e3o Cruz E-mail: joaocruz@spca-advogados.com Education Training Course for Trainers in the area of Labor Law, health and safety at work, promoted by the IEFP of Porto, 1991; Law Degree from Portucalense University, Faculty of Law, 1990; Admitted to the Portuguese Bar Association. Professional Experience Founding Partner at SPCA \u2013 Sociedade de Advogados SP, RL, 2005;&#8230; <a class=\"view-article\" href=\"https:\/\/spca-advogados.com\/en\/team\/partners\/joao-cruz\/\">View Article<\/a>","protected":false},"author":1,"featured_media":0,"parent":94,"menu_order":0,"comment_status":"closed","ping_status":"closed","template":"page-single-lawyers.php","meta":{"footnotes":""},"_links":{"self":[{"href":"https:\/\/spca-advogados.com\/en\/wp-json\/wp\/v2\/pages\/530"}],"collection":[{"href":"https:\/\/spca-advogados.com\/en\/wp-json\/wp\/v2\/pages"}],"about":[{"href":"https:\/\/spca-advogados.com\/en\/wp-json\/wp\/v2\/types\/page"}],"author":[{"embeddable":true,"href":"https:\/\/spca-advogados.com\/en\/wp-json\/wp\/v2\/users\/1"}],"replies":[{"embeddable":true,"href":"https:\/\/spca-advogados.com\/en\/wp-json\/wp\/v2\/comments?post=530"}],"version-history":[{"count":1,"href":"https:\/\/spca-advogados.com\/en\/wp-json\/wp\/v2\/pages\/530\/revisions"}],"predecessor-version":[{"id":532,"href":"https:\/\/spca-advogados.com\/en\/wp-json\/wp\/v2\/pages\/530\/revisions\/532"}],"up":[{"embeddable":true,"href":"https:\/\/spca-advogados.com\/en\/wp-json\/wp\/v2\/pages\/94"}],"wp:attachment":[{"href":"https:\/\/spca-advogados.com\/en\/wp-json\/wp\/v2\/media?parent=530"}],"curies":[{"name":"wp","href":"https:\/\/api.w.org\/{rel}","templated":true}]}}