{"id":543,"date":"2019-03-20T10:55:50","date_gmt":"2019-03-20T10:55:50","guid":{"rendered":"http:\/\/www.spca-advogados.com\/team\/members\/jose-nunes-de-oliveira-son\/"},"modified":"2020-01-20T17:15:41","modified_gmt":"2020-01-20T17:15:41","slug":"jose-nunes-de-oliveira-son","status":"publish","type":"page","link":"https:\/\/spca-advogados.com\/en\/team\/partners\/jose-nunes-de-oliveira-son\/","title":{"rendered":"Jos\u00e9 Nunes de Oliveira (filho)"},"content":{"rendered":"<div class=\"lawyers-header\">\n<div class=\"row\">\n<div class=\"col-md-3\"><img decoding=\"async\" src=\"\/wp-content\/uploads\/2018\/01\/jose-nunes-oliveira-filho.jpg\" alt=\"Jos\u00e9 Nunes de Oliveira (filho)\"><\/div>\n<div class=\"col-md-9 d-flex flex-column justify-content-end\">\n<h3>Jos\u00e9 Nunes de Oliveira (filho)<\/h3>\n<\/div>\n<\/div>\n<\/div>\n<div class=\"lawyers-data\">\n<h4>Education<\/h4>\n<ul>\n<li>Postgraduate studies in Administrative and Tax Justice from University of Coimbra, Faculty of Law, 2006;<\/li>\n<li>Training in Electronic Commerce, Social Communication, Information Policy and Law, Unfair Competition from Catholic Lisbon School of Law, 2003.<\/li>\n<li>Law Degree from Catholic Porto School of Law, 2003;<\/li>\n<li>Admitted to the Portuguese Bar Association.<\/li>\n<li>Admitted to the Macao Lawyer\u00b4s Association.<\/li>\n<\/ul>\n<h4>Professional Experience<\/h4>\n<ul>\n<li>Partner at SPCA \u2013 Sociedade de Advogados SP, RL, 2019;<\/li>\n<li>Director of the legal department and Secretary of Martifer Group, 2011-2014;<\/li>\n<li>Founding Partner at Nunes de Oliveira \u2013 Sociedade de Advogados, RL, 2008-2018;<\/li>\n<li>Member of the General Meeting of several companies operating in different sectors, since 2006.<\/li>\n<li>Associate at Manuela Ant\u00f3nio, Advogados e Not\u00e1rios (Macao), 2006-2009.<\/li>\n<li>Legal Counsel at Dire\u00e7\u00e3o Geral de Via\u00e7\u00e3o, 2005-2006;<\/li>\n<li>Legal Counsel at Santa Maria da Feira Municipal Chamber, 2003-2006;<\/li>\n<li>Trainee and Associate at Jos\u00e9 Nunes de Oliveira \u2013 Law firm, 2003-2006.<\/li>\n<\/ul>\n<h4>Languages<\/h4>\n<ul>\n<li>Portuguese, english and spanish.<\/li>\n<\/ul>\n<\/div>\n","protected":false},"excerpt":{"rendered":"Jos\u00e9 Nunes de Oliveira (filho) Education Postgraduate studies in Administrative and Tax Justice from University of Coimbra, Faculty of Law, 2006; Training in Electronic Commerce, Social Communication, Information Policy and Law, Unfair Competition from Catholic Lisbon School of Law, 2003. Law Degree from Catholic Porto School of Law, 2003; Admitted to the Portuguese Bar Association&#8230;. <a class=\"view-article\" href=\"https:\/\/spca-advogados.com\/en\/team\/partners\/jose-nunes-de-oliveira-son\/\">View Article<\/a>","protected":false},"author":1,"featured_media":0,"parent":94,"menu_order":0,"comment_status":"closed","ping_status":"closed","template":"page-single-lawyers.php","meta":{"footnotes":""},"_links":{"self":[{"href":"https:\/\/spca-advogados.com\/en\/wp-json\/wp\/v2\/pages\/543"}],"collection":[{"href":"https:\/\/spca-advogados.com\/en\/wp-json\/wp\/v2\/pages"}],"about":[{"href":"https:\/\/spca-advogados.com\/en\/wp-json\/wp\/v2\/types\/page"}],"author":[{"embeddable":true,"href":"https:\/\/spca-advogados.com\/en\/wp-json\/wp\/v2\/users\/1"}],"replies":[{"embeddable":true,"href":"https:\/\/spca-advogados.com\/en\/wp-json\/wp\/v2\/comments?post=543"}],"version-history":[{"count":4,"href":"https:\/\/spca-advogados.com\/en\/wp-json\/wp\/v2\/pages\/543\/revisions"}],"predecessor-version":[{"id":733,"href":"https:\/\/spca-advogados.com\/en\/wp-json\/wp\/v2\/pages\/543\/revisions\/733"}],"up":[{"embeddable":true,"href":"https:\/\/spca-advogados.com\/en\/wp-json\/wp\/v2\/pages\/94"}],"wp:attachment":[{"href":"https:\/\/spca-advogados.com\/en\/wp-json\/wp\/v2\/media?parent=543"}],"curies":[{"name":"wp","href":"https:\/\/api.w.org\/{rel}","templated":true}]}}