{"id":545,"date":"2019-03-20T11:00:08","date_gmt":"2019-03-20T11:00:08","guid":{"rendered":"http:\/\/www.spca-advogados.com\/team\/members\/luis-nunes-de-oliveira\/"},"modified":"2019-03-20T11:00:08","modified_gmt":"2019-03-20T11:00:08","slug":"luis-nunes-de-oliveira","status":"publish","type":"page","link":"https:\/\/spca-advogados.com\/en\/team\/partners\/luis-nunes-de-oliveira\/","title":{"rendered":"Lu\u00eds Nunes de Oliveira"},"content":{"rendered":"<div class=\"lawyers-header\">\n<div class=\"row\">\n<div class=\"col-md-3\"><img decoding=\"async\" src=\"\/wp-content\/uploads\/2018\/01\/luis-nunes-oliveira-1.jpg\" alt=\"Lu\u00eds Nunes de Oliveira\"><\/div>\n<div class=\"col-md-9 d-flex flex-column justify-content-end\">\n<h3>Lu\u00eds Nunes de Oliveira<\/h3>\n<\/div>\n<\/div>\n<\/div>\n<div class=\"lawyers-data\">\n<h4>Education<\/h4>\n<ul>\n<li>Data Protection Officer Course from Centros de Forma\u00e7\u00e3o Talento, 2018;<\/li>\n<li>Postgraduate studies in Labour Law from University of Coimbra, Faculty of Law (IDET \u2013 Instituto de Direito das Empresas e do Trabalho), 2010;<\/li>\n<li>Postgraduate studies in European Studies from University of Coimbra, Faculty of Law (Coimbra European Studies Association), 2009;<\/li>\n<li>International and European Law Course from University of Leuven (Belgium), Faculty of Law, 2006;<\/li>\n<li>Law Degree from Catholic Porto School of Law, 2007;<\/li>\n<li>Admitted to the Portuguese Bar Association.<\/li>\n<\/ul>\n<h4>Professional Experience<\/h4>\n<ul>\n<li>Partner at SPCA \u2013 Sociedade de Advogados SP, RL, 2019;<\/li>\n<li>Member of the General Meeting of several companies operating in different sectors, 2015-2018;<\/li>\n<li>Partner at Nunes de Oliveira \u2013 Sociedade de Advogados, RL, 2012-2018;<\/li>\n<li>Pratice by own account, 2011.<\/li>\n<\/ul>\n<h4>Languages<\/h4>\n<ul>\n<li>Portuguese, english, french and spanish<\/li>\n<\/ul>\n<\/div>\n","protected":false},"excerpt":{"rendered":"Lu\u00eds Nunes de Oliveira Education Data Protection Officer Course from Centros de Forma\u00e7\u00e3o Talento, 2018; Postgraduate studies in Labour Law from University of Coimbra, Faculty of Law (IDET \u2013 Instituto de Direito das Empresas e do Trabalho), 2010; Postgraduate studies in European Studies from University of Coimbra, Faculty of Law (Coimbra European Studies Association), 2009;&#8230; <a class=\"view-article\" href=\"https:\/\/spca-advogados.com\/en\/team\/partners\/luis-nunes-de-oliveira\/\">View Article<\/a>","protected":false},"author":1,"featured_media":0,"parent":94,"menu_order":0,"comment_status":"closed","ping_status":"closed","template":"page-single-lawyers.php","meta":{"footnotes":""},"_links":{"self":[{"href":"https:\/\/spca-advogados.com\/en\/wp-json\/wp\/v2\/pages\/545"}],"collection":[{"href":"https:\/\/spca-advogados.com\/en\/wp-json\/wp\/v2\/pages"}],"about":[{"href":"https:\/\/spca-advogados.com\/en\/wp-json\/wp\/v2\/types\/page"}],"author":[{"embeddable":true,"href":"https:\/\/spca-advogados.com\/en\/wp-json\/wp\/v2\/users\/1"}],"replies":[{"embeddable":true,"href":"https:\/\/spca-advogados.com\/en\/wp-json\/wp\/v2\/comments?post=545"}],"version-history":[{"count":0,"href":"https:\/\/spca-advogados.com\/en\/wp-json\/wp\/v2\/pages\/545\/revisions"}],"up":[{"embeddable":true,"href":"https:\/\/spca-advogados.com\/en\/wp-json\/wp\/v2\/pages\/94"}],"wp:attachment":[{"href":"https:\/\/spca-advogados.com\/en\/wp-json\/wp\/v2\/media?parent=545"}],"curies":[{"name":"wp","href":"https:\/\/api.w.org\/{rel}","templated":true}]}}