{"id":547,"date":"2019-03-20T11:04:53","date_gmt":"2019-03-20T11:04:53","guid":{"rendered":"http:\/\/www.spca-advogados.com\/team\/members\/luis-vale-lima\/"},"modified":"2019-03-21T17:13:57","modified_gmt":"2019-03-21T17:13:57","slug":"luis-vale-lima","status":"publish","type":"page","link":"https:\/\/spca-advogados.com\/en\/team\/partners\/luis-vale-lima\/","title":{"rendered":"Lu\u00eds Vale Lima"},"content":{"rendered":"<div class=\"lawyers-header\">\n<div class=\"row\">\n<div class=\"col-md-3\"><img decoding=\"async\" src=\"\/wp-content\/uploads\/2018\/01\/luis-vale-lima-1.jpg\" alt=\"Lu\u00eds Vale Lima\"><\/div>\n<div class=\"col-md-9 d-flex flex-column justify-content-end\">\n<h3>Lu\u00eds Vale Lima<\/h3>\n<p>E-mail: <a href=\"mailto:luisvalelima@spca-advogados.com\">luisvalelima@spca-advogados.com<\/a><\/p>\n<\/div>\n<\/div>\n<\/div>\n<div class=\"lawyers-data\">\n<h4>Education<\/h4>\n<ul>\n<li>Executive course in Administrative and Regulatory Law from London School of Economics, 2012;<\/li>\n<li>Postgraduate Studies in Public Procurement Law from Catholic Porto School of Law, 2008;<\/li>\n<li>Mastering Health Care Finance (Executive Course) &#8211; Harvard Medical School, 2008;<\/li>\n<li>Master and PhD Course from Catholic Porto School of Law, 2005-2006;<\/li>\n<li>Postgraduate Studies in Administrative Litigation from Catholic Porto School of Law, 2003;<\/li>\n<li>Law Degree from University of Coimbra, Faculty of Law, 2002;<\/li>\n<li>Participation in several courses and seminars on public procurement, revision of C\u00f3digo de Procedimento Administrativo, C\u00f3digo de Processo nos Tribunais Administrativos and C\u00f3digo de Procedimento e Processo Tribut\u00e1rio;<\/li>\n<li>Admitted to the Portuguese Bar Association.<\/li>\n<\/ul>\n<h4>Professional Experience<\/h4>\n<ul>\n<li>Partner at SPCA \u2013 Sociedade de Advogados SP, RL, 2019;<\/li>\n<li>Associate at SPCA &#8211; Sociedade de Advogados, SP, RL, 2015-2017;<\/li>\n<li>Director of the legal department of Health Regulatory Authority, 2013-2015;<\/li>\n<li>Director of the access service and competition of Health Regulatory Authority\u00b4s, 2012-2013;<\/li>\n<li>Seconded national expert in the international study \u201cMapping of Public Services\u201d, CEEP, 2011;<\/li>\n<li>Head of Office of Professor Vital Moreira, deputy and president of the International Trade Commission of European Parliament, in the area of international trade, constitutional affairs and administrative law of the European Union, 2009-2012;<\/li>\n<li>Director of the legal service of the Health Regulatory Authority, 2007-2009;<\/li>\n<li>Associate at Pacheco de Amorim &#038; Associados, Sociedade de Advogados, RL, 2004-2006.<\/li>\n<\/ul>\n<h4>Languages<\/h4>\n<ul>\n<li>Portuguese, english and spanish.<\/li>\n<\/ul>\n<\/div>\n","protected":false},"excerpt":{"rendered":"Lu\u00eds Vale Lima E-mail: luisvalelima@spca-advogados.com Education Executive course in Administrative and Regulatory Law from London School of Economics, 2012; Postgraduate Studies in Public Procurement Law from Catholic Porto School of Law, 2008; Mastering Health Care Finance (Executive Course) &#8211; Harvard Medical School, 2008; Master and PhD Course from Catholic Porto School of Law, 2005-2006; Postgraduate&#8230; <a class=\"view-article\" href=\"https:\/\/spca-advogados.com\/en\/team\/partners\/luis-vale-lima\/\">View Article<\/a>","protected":false},"author":1,"featured_media":0,"parent":94,"menu_order":0,"comment_status":"closed","ping_status":"closed","template":"page-single-lawyers.php","meta":{"footnotes":""},"_links":{"self":[{"href":"https:\/\/spca-advogados.com\/en\/wp-json\/wp\/v2\/pages\/547"}],"collection":[{"href":"https:\/\/spca-advogados.com\/en\/wp-json\/wp\/v2\/pages"}],"about":[{"href":"https:\/\/spca-advogados.com\/en\/wp-json\/wp\/v2\/types\/page"}],"author":[{"embeddable":true,"href":"https:\/\/spca-advogados.com\/en\/wp-json\/wp\/v2\/users\/1"}],"replies":[{"embeddable":true,"href":"https:\/\/spca-advogados.com\/en\/wp-json\/wp\/v2\/comments?post=547"}],"version-history":[{"count":1,"href":"https:\/\/spca-advogados.com\/en\/wp-json\/wp\/v2\/pages\/547\/revisions"}],"predecessor-version":[{"id":630,"href":"https:\/\/spca-advogados.com\/en\/wp-json\/wp\/v2\/pages\/547\/revisions\/630"}],"up":[{"embeddable":true,"href":"https:\/\/spca-advogados.com\/en\/wp-json\/wp\/v2\/pages\/94"}],"wp:attachment":[{"href":"https:\/\/spca-advogados.com\/en\/wp-json\/wp\/v2\/media?parent=547"}],"curies":[{"name":"wp","href":"https:\/\/api.w.org\/{rel}","templated":true}]}}