{"id":573,"date":"2019-03-20T12:00:13","date_gmt":"2019-03-20T12:00:13","guid":{"rendered":"http:\/\/www.spca-advogados.com\/team\/associated\/eduardo-rijo\/"},"modified":"2024-07-04T17:46:13","modified_gmt":"2024-07-04T17:46:13","slug":"eduardo-rijo","status":"publish","type":"page","link":"https:\/\/spca-advogados.com\/en\/team\/associates\/eduardo-rijo\/","title":{"rendered":"Nuno Rijo"},"content":{"rendered":"<div class=\"lawyers-header\">\n<div class=\"row\">\n<div class=\"col-md-3\"><img decoding=\"async\" src=\"\/wp-content\/uploads\/2018\/01\/eduardo-rijo-1.jpg\" alt=\"Eduardo Rijo\" \/><\/div>\n<div class=\"col-md-9 d-flex flex-column justify-content-end\">\n<h3>Eduardo Rijo<\/h3>\n<p>E-mail: <a href=\"mailto:nunorijo@spca-advogados.com\">nunorijo@spca-advogados.com<\/a><\/p>\n<\/div>\n<\/div>\n<\/div>\n<div class=\"lawyers-data\">\n<h4>Education<\/h4>\n<ul>\n<li>Postgraduate Studies in Public Procurement (frequency) from Centro de Estudos de Direito P\u00fablico e Regula\u00e7\u00e3o, University of Coimbra, Faculty of Law, 2021;<\/li>\n<li>Postgraduate Studies in Data Protection Law (frequency) from Centro de Investiga\u00e7\u00e3o em Direito Privado, University of Lisbon, Faculty of Law, 2021;<\/li>\n<li>Postgraduate studies in European Customs Law from University of Valencia (Spain), Faculty of Law, 2017;<\/li>\n<li>Postgraduate studies in Labour and Social Security Law from Catholic Porto School of Law, 2017;<\/li>\n<li>Customs Operations Course from Porto Business School, 2016;<\/li>\n<li>Masters of Law from Catholic Porto School of Law, 2016;<\/li>\n<li>Customs Regimes and Procedures Course from International Faculty for Executives, 2015;<\/li>\n<li>Law Degree from Catholic Porto School of Law, 2011;<\/li>\n<li>Admitted to the Portuguese Bar Association.<\/li>\n<\/ul>\n<h4>Professional Experience<\/h4>\n<ul>\n<li>Associate at SPCA \u2013 Sociedade de Advogados, SP, RL, 2017;<\/li>\n<li>Associate at Jos\u00e9 Rijo Advogados Associados, RL, 2015-2016;<\/li>\n<li>Trainee at Abreu &amp; Associados, Sociedade de Advogados SP, RL, 2013-2014.<\/li>\n<\/ul>\n<h4>Languages<\/h4>\n<ul>\n<li>Portuguese and english.<\/li>\n<\/ul>\n<\/div>\n","protected":false},"excerpt":{"rendered":"Eduardo Rijo E-mail: nunorijo@spca-advogados.com Education Postgraduate Studies in Public Procurement (frequency) from Centro de Estudos de Direito P\u00fablico e Regula\u00e7\u00e3o, University of Coimbra, Faculty of Law, 2021; Postgraduate Studies in Data Protection Law (frequency) from Centro de Investiga\u00e7\u00e3o em Direito Privado, University of Lisbon, Faculty of Law, 2021; Postgraduate studies in European Customs Law from&#8230; <a class=\"view-article\" href=\"https:\/\/spca-advogados.com\/en\/team\/associates\/eduardo-rijo\/\">View Article<\/a>","protected":false},"author":1,"featured_media":0,"parent":96,"menu_order":0,"comment_status":"closed","ping_status":"closed","template":"page-eduardorijo.php","meta":{"footnotes":""},"_links":{"self":[{"href":"https:\/\/spca-advogados.com\/en\/wp-json\/wp\/v2\/pages\/573"}],"collection":[{"href":"https:\/\/spca-advogados.com\/en\/wp-json\/wp\/v2\/pages"}],"about":[{"href":"https:\/\/spca-advogados.com\/en\/wp-json\/wp\/v2\/types\/page"}],"author":[{"embeddable":true,"href":"https:\/\/spca-advogados.com\/en\/wp-json\/wp\/v2\/users\/1"}],"replies":[{"embeddable":true,"href":"https:\/\/spca-advogados.com\/en\/wp-json\/wp\/v2\/comments?post=573"}],"version-history":[{"count":2,"href":"https:\/\/spca-advogados.com\/en\/wp-json\/wp\/v2\/pages\/573\/revisions"}],"predecessor-version":[{"id":906,"href":"https:\/\/spca-advogados.com\/en\/wp-json\/wp\/v2\/pages\/573\/revisions\/906"}],"up":[{"embeddable":true,"href":"https:\/\/spca-advogados.com\/en\/wp-json\/wp\/v2\/pages\/96"}],"wp:attachment":[{"href":"https:\/\/spca-advogados.com\/en\/wp-json\/wp\/v2\/media?parent=573"}],"curies":[{"name":"wp","href":"https:\/\/api.w.org\/{rel}","templated":true}]}}