{"id":608,"date":"2019-03-20T15:09:00","date_gmt":"2019-03-20T15:09:00","guid":{"rendered":"http:\/\/www.spca-advogados.com\/mariana-guedes-da-costa\/"},"modified":"2019-03-21T16:17:51","modified_gmt":"2019-03-21T16:17:51","slug":"mariana-guedes-da-costa","status":"publish","type":"page","link":"https:\/\/spca-advogados.com\/en\/team\/associates\/mariana-guedes-da-costa\/","title":{"rendered":"Mariana Guedes da Costa"},"content":{"rendered":"<div class=\"lawyers-header\">\r\n<div class=\"row\">\r\n<div class=\"col-md-3\"><img decoding=\"async\" src=\"\/wp-content\/uploads\/2019\/03\/mariana.jpg\" alt=\"Mariana Guedes da Costa\"><\/div>\r\n<div class=\"col-md-9 d-flex flex-column justify-content-end\">\r\n<h3>Mariana Guedes da Costa<\/h3>\r\n<p>E-mail: <a href=\"mailto:marianagcosta@spca-advogados.com\">marianagcosta@spca-advogados.com<\/a><\/p>\r\n<\/div>\r\n<\/div>\r\n<\/div>\r\n<div class=\"lawyers-data\">\r\n<h4>Education<\/h4>\r\n<ul>\r\n<li>Postgraduate studies in Contract Law (Public and Commercial Contracts and Guarantees), 2004;<\/li>\r\n<li>Law Degree from Catholic Porto School of Law, 2003;<\/li>\r\n<li>Admitted to the Portuguese Bar Association.<\/li>\r\n<\/ul>\r\n<h4>Professional Experience<\/h4>\r\n<ul>\r\n<li>Associate at SPCA \u2013 Sociedade de Advogados, RL, SP, 2018;<\/li>\r\n<li>Associate at Abreu &#038; Associados, Sociedade de Advogados SP, RL, 2009-2018;<\/li>\r\n<li>Associate at Manuela Ant\u00f3nio \u2013 Advogados e Not\u00e1rios, Macao 2006-2009;<\/li>\r\n<li>Associate at Orlando Guedes da Costa Advogados Associados, 2005-2006;<\/li>\r\n<li>Legal Counsel at the Misdemeanours Department of Dire\u00e7\u00e3o Geral de Via\u00e7\u00e3o 2004-2006;<\/li>\r\n<li>Legal Counsel at Santa Maria da Feira Municipal Chamber, 2003-2004;<\/li>\r\n<li>Trainee at Orlando Guedes da Costa Advogados Associados, 2003-2005.<\/li>\r\n<\/ul>\r\n<h4>Languages<\/h4>\r\n<ul>\r\n<li> Portuguese, english e french. <\/li>\r\n<\/ul>\r\n<\/div>\r\n","protected":false},"excerpt":{"rendered":"Mariana Guedes da Costa E-mail: marianagcosta@spca-advogados.com Education Postgraduate studies in Contract Law (Public and Commercial Contracts and Guarantees), 2004; Law Degree from Catholic Porto School of Law, 2003; Admitted to the Portuguese Bar Association. Professional Experience Associate at SPCA \u2013 Sociedade de Advogados, RL, SP, 2018; Associate at Abreu &#038; Associados, Sociedade de Advogados SP,&#8230; <a class=\"view-article\" href=\"https:\/\/spca-advogados.com\/en\/team\/associates\/mariana-guedes-da-costa\/\">View Article<\/a>","protected":false},"author":1,"featured_media":0,"parent":96,"menu_order":0,"comment_status":"closed","ping_status":"closed","template":"page-single-lawyers.php","meta":{"footnotes":""},"_links":{"self":[{"href":"https:\/\/spca-advogados.com\/en\/wp-json\/wp\/v2\/pages\/608"}],"collection":[{"href":"https:\/\/spca-advogados.com\/en\/wp-json\/wp\/v2\/pages"}],"about":[{"href":"https:\/\/spca-advogados.com\/en\/wp-json\/wp\/v2\/types\/page"}],"author":[{"embeddable":true,"href":"https:\/\/spca-advogados.com\/en\/wp-json\/wp\/v2\/users\/1"}],"replies":[{"embeddable":true,"href":"https:\/\/spca-advogados.com\/en\/wp-json\/wp\/v2\/comments?post=608"}],"version-history":[{"count":2,"href":"https:\/\/spca-advogados.com\/en\/wp-json\/wp\/v2\/pages\/608\/revisions"}],"predecessor-version":[{"id":626,"href":"https:\/\/spca-advogados.com\/en\/wp-json\/wp\/v2\/pages\/608\/revisions\/626"}],"up":[{"embeddable":true,"href":"https:\/\/spca-advogados.com\/en\/wp-json\/wp\/v2\/pages\/96"}],"wp:attachment":[{"href":"https:\/\/spca-advogados.com\/en\/wp-json\/wp\/v2\/media?parent=608"}],"curies":[{"name":"wp","href":"https:\/\/api.w.org\/{rel}","templated":true}]}}