{"id":795,"date":"2021-02-02T15:32:28","date_gmt":"2021-02-02T15:32:28","guid":{"rendered":"https:\/\/spca-advogados.com\/team\/trainees\/ana-beatriz-pereira\/"},"modified":"2024-06-28T10:10:43","modified_gmt":"2024-06-28T10:10:43","slug":"vasco-rocha-costa","status":"publish","type":"page","link":"https:\/\/spca-advogados.com\/en\/team\/trainees\/vasco-rocha-costa\/","title":{"rendered":"Vasco Rocha Costa"},"content":{"rendered":"<div class=\"lawyers-header\">\n<div class=\"row\">\n<div class=\"col-md-3\"><img loading=\"lazy\" decoding=\"async\" class=\"alignnone wp-image-907 size-full\" src=\"https:\/\/spca-advogados.com\/wp-content\/uploads\/2024\/06\/SPCA-Advogados-Vasco-Rocha.jpg\" alt=\"\" width=\"600\" height=\"600\" srcset=\"https:\/\/spca-advogados.com\/wp-content\/uploads\/2024\/06\/SPCA-Advogados-Vasco-Rocha.jpg 600w, https:\/\/spca-advogados.com\/wp-content\/uploads\/2024\/06\/SPCA-Advogados-Vasco-Rocha-250x250.jpg 250w, https:\/\/spca-advogados.com\/wp-content\/uploads\/2024\/06\/SPCA-Advogados-Vasco-Rocha-150x150.jpg 150w, https:\/\/spca-advogados.com\/wp-content\/uploads\/2024\/06\/SPCA-Advogados-Vasco-Rocha-120x120.jpg 120w\" sizes=\"(max-width: 600px) 100vw, 600px\" \/><\/div>\n<div class=\"col-md-9 d-flex flex-column justify-content-end\">\n<h3>Vasco Rocha Costa<\/h3>\n<p>E-mail: <a href=\"mailto:vascorochacosta@spca-advogados.com\" target=\"_blank\" rel=\"noopener noreferrer\">vascorochacosta@spca-advogados.com<\/a>\n<\/div>\n<\/div>\n<\/div>\n<div class=\"lawyers-data\">\n<h4><strong>Habilitations<\/strong><\/h4>\n<ul>\n<li>Master&#8217;s Student in Labour Law at the Catholic University of Porto, Faculty of Law, since 2023;<\/li>\n<li>Postgraduate Studies in Business Law from the Private Law Research Center of the University of Lisbon, Faculty of Law, with the final essay: &#8220;<em>The Principle of Affiliation and the Subjective Effectiveness of Collective Labor Agreements: The Phenomenon of Extension Orders<\/em>&#8220;, 2023;<\/li>\n<li>Applied Training in Labour Law from Portucalense University, Faculty of Law, 2023;<\/li>\n<li>Law Degree from Portucalense University, Faculty of Law, 2022.<\/li>\n<\/ul>\n<h4><strong>Professional Experience<\/strong><\/h4>\n<ul>\n<li>Trainee Lawyer at SPCA &#8211; Sociedade de Advogados, SP, RL, since 2023;<\/li>\n<li>Jurist at Espa\u00e7o Comum \u2013 Administra\u00e7\u00e3o de Condom\u00ednios, Lda., 2022-2023.<\/li>\n<\/ul>\n<h4><strong>Languages<\/strong><\/h4>\n<ul>\n<li>Portuguese, english and spanish<\/li>\n<\/ul>\n<\/div>\n<!-- WP Attachments -->\r\n        <div style=\"width:100%;margin:10px 0 10px 0;\">\r\n            <h3>Anexo(s)<\/h3>\r\n        <ul class=\"post-attachments\"><li class=\"post-attachment mime-image-jpeg\"><a target=\"_blank\" rel=\"noopener noreferrer\" href=\"https:\/\/spca-advogados.com\/wp-content\/uploads\/2024\/06\/SPCA-Advogados-Vasco-Rocha.jpg\">SPCA-Advogados-Vasco-Rocha<\/a> <small>(16 kB)<\/small><\/li><\/ul><\/div>","protected":false},"excerpt":{"rendered":"Vasco Rocha Costa E-mail: vascorochacosta@spca-advogados.com Habilitations Master&#8217;s Student in Labour Law at the Catholic University of Porto, Faculty of Law, since 2023; Postgraduate Studies in Business Law from the Private Law Research Center of the University of Lisbon, Faculty of Law, with the final essay: &#8220;The Principle of Affiliation and the Subjective Effectiveness of Collective&#8230; <a class=\"view-article\" href=\"https:\/\/spca-advogados.com\/en\/team\/trainees\/vasco-rocha-costa\/\">View Article<\/a>","protected":false},"author":1,"featured_media":0,"parent":102,"menu_order":0,"comment_status":"closed","ping_status":"closed","template":"page-single-lawyers.php","meta":{"footnotes":""},"_links":{"self":[{"href":"https:\/\/spca-advogados.com\/en\/wp-json\/wp\/v2\/pages\/795"}],"collection":[{"href":"https:\/\/spca-advogados.com\/en\/wp-json\/wp\/v2\/pages"}],"about":[{"href":"https:\/\/spca-advogados.com\/en\/wp-json\/wp\/v2\/types\/page"}],"author":[{"embeddable":true,"href":"https:\/\/spca-advogados.com\/en\/wp-json\/wp\/v2\/users\/1"}],"replies":[{"embeddable":true,"href":"https:\/\/spca-advogados.com\/en\/wp-json\/wp\/v2\/comments?post=795"}],"version-history":[{"count":3,"href":"https:\/\/spca-advogados.com\/en\/wp-json\/wp\/v2\/pages\/795\/revisions"}],"predecessor-version":[{"id":911,"href":"https:\/\/spca-advogados.com\/en\/wp-json\/wp\/v2\/pages\/795\/revisions\/911"}],"up":[{"embeddable":true,"href":"https:\/\/spca-advogados.com\/en\/wp-json\/wp\/v2\/pages\/102"}],"wp:attachment":[{"href":"https:\/\/spca-advogados.com\/en\/wp-json\/wp\/v2\/media?parent=795"}],"curies":[{"name":"wp","href":"https:\/\/api.w.org\/{rel}","templated":true}]}}