{"id":94,"date":"2018-01-10T15:58:31","date_gmt":"2018-01-10T15:58:31","guid":{"rendered":"http:\/\/dev.spca.local\/?page_id=94"},"modified":"2023-11-24T16:15:18","modified_gmt":"2023-11-24T16:15:18","slug":"partners","status":"publish","type":"page","link":"https:\/\/spca-advogados.com\/en\/team\/partners\/","title":{"rendered":"Partners"},"content":{"rendered":"<ul class=\"lawyers-list\">\n<li>\n<div class=\"row\">\n<div class=\"col-md-4\"><a href=\"\/en\/team\/partners\/paulo-samagaio\/\"><img decoding=\"async\" src=\"\/wp-content\/uploads\/2018\/01\/paulo-samagaio-1.jpg\" \/><\/a><\/div>\n<div class=\"col-md-8 d-flex flex-column justify-content-center\">\n<h2>Paulo Samagaio<\/h2>\n<\/div>\n<\/div>\n<\/li>\n<li>\n<div class=\"row\">\n<div class=\"col-md-4\"><a href=\"\/en\/team\/partners\/joao-cruz\/\"><img decoding=\"async\" src=\"\/wp-content\/uploads\/2018\/01\/joao-cruz-1.jpg\" \/><\/a><\/div>\n<div class=\"col-md-8 d-flex flex-column justify-content-center\">\n<h2>Jo\u00e3o Cruz<\/h2>\n<\/div>\n<\/div>\n<\/li>\n<li>\n<div class=\"row\">\n<div class=\"col-md-4\"><a href=\"\/en\/team\/partners\/luis-pedro-correia-de-almeida\/\"><img decoding=\"async\" src=\"\/wp-content\/uploads\/2018\/01\/luis-correia-de-almeida-1.jpg\" \/><\/a><\/div>\n<div class=\"col-md-8 d-flex flex-column justify-content-center\">\n<h2>Lu\u00eds Pedro Correia de Almeida<\/h2>\n<\/div>\n<\/div>\n<\/li>\n<li>\n<div class=\"row\">\n<div class=\"col-md-4\"><a href=\"\/en\/team\/partners\/jose-rijo\/\"><img decoding=\"async\" src=\"\/wp-content\/uploads\/2018\/01\/jose-rijo-1.jpg\" \/><\/a><\/div>\n<div class=\"col-md-8 d-flex flex-column justify-content-center\">\n<h2>Jos\u00e9 Rijo<\/h2>\n<\/div>\n<\/div>\n<\/li>\n<li>\n<div class=\"row\">\n<div class=\"col-md-4\"><a href=\"\/en\/team\/partners\/jose-nunes-de-oliveira-son\/\"><img decoding=\"async\" src=\"\/wp-content\/uploads\/2018\/01\/jose-nunes-oliveira-filho.jpg\" \/><\/a><\/div>\n<div class=\"col-md-8 d-flex flex-column justify-content-center\">\n<h2>Jos\u00e9 Nunes de Oliveira (filho)<\/h2>\n<\/div>\n<\/div>\n<\/li>\n<li>\n<div class=\"row\">\n<div class=\"col-md-4\"><a href=\"\/en\/team\/partners\/luis-nunes-de-oliveira\/\"><img decoding=\"async\" src=\"\/wp-content\/uploads\/2018\/01\/luis-nunes-oliveira-1.jpg\" \/><\/a><\/div>\n<div class=\"col-md-8 d-flex flex-column justify-content-center\">\n<h2>Lu\u00eds Nunes de Oliveira<\/h2>\n<\/div>\n<\/div>\n<\/li>\n<li>\n<div class=\"row\">\n<div class=\"col-md-4\"><a href=\"\/en\/team\/partners\/luis-vale-lima\/\"><img decoding=\"async\" src=\"\/wp-content\/uploads\/2018\/01\/luis-vale-lima-1.jpg\" \/><\/a><\/div>\n<div class=\"col-md-8 d-flex flex-column justify-content-center\">\n<h2>Lu\u00eds Vale Lima<\/h2>\n<\/div>\n<\/div>\n<\/li>\n<\/ul>\n<!-- WP Attachments -->\r\n        <div style=\"width:100%;margin:10px 0 10px 0;\">\r\n            <h3>Anexo(s)<\/h3>\r\n        <ul class=\"post-attachments\"><li class=\"post-attachment mime-image-jpeg\"><a target=\"_blank\" rel=\"noopener noreferrer\" href=\"https:\/\/spca-advogados.com\/wp-content\/uploads\/2020\/01\/rita-leitao.jpg\">rita-leitao<\/a> <small>(113 kB)<\/small><\/li><\/ul><\/div>","protected":false},"excerpt":{"rendered":"Paulo Samagaio Jo\u00e3o Cruz Lu\u00eds Pedro Correia de Almeida Jos\u00e9 Rijo Jos\u00e9 Nunes de Oliveira (filho) Lu\u00eds Nunes de Oliveira Lu\u00eds Vale Lima Anexo(s) rita-leitao (113 kB)","protected":false},"author":1,"featured_media":0,"parent":79,"menu_order":0,"comment_status":"closed","ping_status":"closed","template":"page-cat-lawyers.php","meta":{"footnotes":""},"_links":{"self":[{"href":"https:\/\/spca-advogados.com\/en\/wp-json\/wp\/v2\/pages\/94"}],"collection":[{"href":"https:\/\/spca-advogados.com\/en\/wp-json\/wp\/v2\/pages"}],"about":[{"href":"https:\/\/spca-advogados.com\/en\/wp-json\/wp\/v2\/types\/page"}],"author":[{"embeddable":true,"href":"https:\/\/spca-advogados.com\/en\/wp-json\/wp\/v2\/users\/1"}],"replies":[{"embeddable":true,"href":"https:\/\/spca-advogados.com\/en\/wp-json\/wp\/v2\/comments?post=94"}],"version-history":[{"count":7,"href":"https:\/\/spca-advogados.com\/en\/wp-json\/wp\/v2\/pages\/94\/revisions"}],"predecessor-version":[{"id":852,"href":"https:\/\/spca-advogados.com\/en\/wp-json\/wp\/v2\/pages\/94\/revisions\/852"}],"up":[{"embeddable":true,"href":"https:\/\/spca-advogados.com\/en\/wp-json\/wp\/v2\/pages\/79"}],"wp:attachment":[{"href":"https:\/\/spca-advogados.com\/en\/wp-json\/wp\/v2\/media?parent=94"}],"curies":[{"name":"wp","href":"https:\/\/api.w.org\/{rel}","templated":true}]}}